{"id":55544,"date":"2024-06-12T13:06:10","date_gmt":"2024-06-12T11:06:10","guid":{"rendered":"https:\/\/haakull.no\/?page_id=55544"},"modified":"2024-06-12T15:31:19","modified_gmt":"2024-06-12T13:31:19","slug":"apenhetsloven","status":"publish","type":"page","link":"https:\/\/haakull.no\/da\/om\/apenhetsloven\/","title":{"rendered":"Lov om gennemsigtighed"},"content":{"rendered":"<p>Loven har til form\u00e5l at reducere risikoen for, at virksomheder for\u00e5rsager eller bidrager til kr\u00e6nkelser af menneskerettighederne, og sikrer, at vi aktivt arbejder for at opretholde anst\u00e6ndige arbejdsforhold hos vores leverand\u00f8rer, ejere og i vores egne aktiviteter.<\/p>\n<p>Transparensloven fremmer virksomheders respekt for grundl\u00e6ggende menneskerettigheder og anst\u00e6ndige arbejdsforhold, og det g\u00e6lder b\u00e5de for vores egne aktiviteter og for vores leverand\u00f8rer og deres underleverand\u00f8rer. Loven kr\u00e6ver, at vi udf\u00f8rer due diligence for at forst\u00e5 og h\u00e5ndtere potentielle risici for overtr\u00e6delser. Vi er ogs\u00e5 forpligtet til at offentligg\u00f8re grundlaget for og resultaterne af disse vurderinger.<\/p>\n<h2>Integreret arbejde i virksomheden<\/h2>\n<p>Som en stor akt\u00f8r i ejendoms- og transportbranchen tager H\u00e5kull Group grundl\u00e6ggende menneskerettigheder og ordentlige arbejdsforhold for givet. Vi sikrer, at arbejdsforholdene for vores medarbejdere og dem i vores leverand\u00f8rk\u00e6der er i overensstemmelse med internationale konventioner for at undg\u00e5 kr\u00e6nkelser af menneskerettigheder og anst\u00e6ndige arbejdsforhold. Disse v\u00e6rdier er forankret i H\u00e5kull Gruppens styringsdokumenter. Vi stiller strenge krav til vores leverand\u00f8rer og kr\u00e6ver, at de underskriver og overholder vores etiske retningslinjer.<\/p>\n<h2>Prudentielle vurderinger<\/h2>\n<p>Hovedforpligtelsen i Transparency Act er at udf\u00f8re due diligence i overensstemmelse med OECD's retningslinjer. Disse vurderinger sikrer, at vi forst\u00e5r vores indvirkning p\u00e5 menneskerettigheder og anst\u00e6ndigt arbejde, og at vi tager de n\u00f8dvendige skridt til at afb\u00f8de negative indvirkninger og reparere eventuelle skader.<\/p>\n<h2>Offentlig erkl\u00e6ring<\/h2>\n<p>I overensstemmelse med loven om gennemsigtighed vil vores rapport om due diligence blive offentliggjort for f\u00f8rste gang i det tidlige efter\u00e5r 2023.<\/p>\n<hr \/>\n<p>&nbsp;<\/p>","protected":false},"excerpt":{"rendered":"<p>Loven har som m\u00e5l \u00e5 redusere risikoen for at virksomheter for\u00e5rsaker eller medvirker til brudd p\u00e5 menneskerettigheter, og sikrer at vi aktivt arbeider for \u00e5 opprettholde anstendige arbeidsforhold hos v\u00e5re leverand\u00f8rer, eiere og innenfor v\u00e5r egen virksomhet. \u00c5penhetsloven fremmer virksomheters respekt for grunnleggende menneskerettigheter og anstendige arbeidsforhold, og dette gjelder b\u00e5de for egen virksomhet og [&hellip;]<\/p>","protected":false},"author":1,"featured_media":55109,"parent":53,"menu_order":0,"comment_status":"closed","ping_status":"closed","template":"","meta":{"_acf_changed":false,"inline_featured_image":false,"footnotes":""},"sokeord":[],"class_list":["post-55544","page","type-page","status-publish","has-post-thumbnail","hentry"],"acf":[],"yoast_head":"<!-- This site is optimized with the Yoast SEO plugin v23.7 - https:\/\/yoast.com\/wordpress\/plugins\/seo\/ -->\n<title>\u00c5penhetsloven - H\u00e5kull Gruppen<\/title>\n<meta name=\"robots\" content=\"index, follow, max-snippet:-1, max-image-preview:large, max-video-preview:-1\" \/>\n<link rel=\"canonical\" href=\"https:\/\/haakull.no\/da\/om\/apenhetsloven\/\" \/>\n<meta property=\"og:locale\" content=\"da_DK\" \/>\n<meta property=\"og:type\" content=\"article\" \/>\n<meta property=\"og:title\" content=\"\u00c5penhetsloven - H\u00e5kull Gruppen\" \/>\n<meta property=\"og:description\" content=\"Loven har som m\u00e5l \u00e5 redusere risikoen for at virksomheter for\u00e5rsaker eller medvirker til brudd p\u00e5 menneskerettigheter, og sikrer at vi aktivt arbeider for \u00e5 opprettholde anstendige arbeidsforhold hos v\u00e5re leverand\u00f8rer, eiere og innenfor v\u00e5r egen virksomhet. \u00c5penhetsloven fremmer virksomheters respekt for grunnleggende menneskerettigheter og anstendige arbeidsforhold, og dette gjelder b\u00e5de for egen virksomhet og [&hellip;]\" \/>\n<meta property=\"og:url\" content=\"https:\/\/haakull.no\/da\/om\/apenhetsloven\/\" \/>\n<meta property=\"og:site_name\" content=\"H\u00e5kull Gruppen\" \/>\n<meta property=\"article:modified_time\" content=\"2024-06-12T13:31:19+00:00\" \/>\n<meta property=\"og:image\" content=\"https:\/\/haakull.no\/wp-content\/uploads\/2021\/03\/lager-haakull-1127296231.jpg\" \/>\n\t<meta property=\"og:image:width\" content=\"1800\" \/>\n\t<meta property=\"og:image:height\" content=\"1013\" \/>\n\t<meta property=\"og:image:type\" content=\"image\/jpeg\" \/>\n<meta name=\"twitter:card\" content=\"summary_large_image\" \/>\n<meta name=\"twitter:label1\" content=\"Estimeret l\u00e6setid\" \/>\n\t<meta name=\"twitter:data1\" content=\"2 minutter\" \/>\n<script type=\"application\/ld+json\" class=\"yoast-schema-graph\">{\"@context\":\"https:\/\/schema.org\",\"@graph\":[{\"@type\":\"WebPage\",\"@id\":\"https:\/\/haakull.no\/om\/apenhetsloven\/\",\"url\":\"https:\/\/haakull.no\/om\/apenhetsloven\/\",\"name\":\"\u00c5penhetsloven - H\u00e5kull Gruppen\",\"isPartOf\":{\"@id\":\"https:\/\/haakull.no\/#website\"},\"primaryImageOfPage\":{\"@id\":\"https:\/\/haakull.no\/om\/apenhetsloven\/#primaryimage\"},\"image\":{\"@id\":\"https:\/\/haakull.no\/om\/apenhetsloven\/#primaryimage\"},\"thumbnailUrl\":\"https:\/\/haakull.no\/wp-content\/uploads\/2021\/03\/lager-haakull-1127296231.jpg\",\"datePublished\":\"2024-06-12T11:06:10+00:00\",\"dateModified\":\"2024-06-12T13:31:19+00:00\",\"breadcrumb\":{\"@id\":\"https:\/\/haakull.no\/om\/apenhetsloven\/#breadcrumb\"},\"inLanguage\":\"da-DK\",\"potentialAction\":[{\"@type\":\"ReadAction\",\"target\":[\"https:\/\/haakull.no\/om\/apenhetsloven\/\"]}]},{\"@type\":\"ImageObject\",\"inLanguage\":\"da-DK\",\"@id\":\"https:\/\/haakull.no\/om\/apenhetsloven\/#primaryimage\",\"url\":\"https:\/\/haakull.no\/wp-content\/uploads\/2021\/03\/lager-haakull-1127296231.jpg\",\"contentUrl\":\"https:\/\/haakull.no\/wp-content\/uploads\/2021\/03\/lager-haakull-1127296231.jpg\",\"width\":1800,\"height\":1013},{\"@type\":\"BreadcrumbList\",\"@id\":\"https:\/\/haakull.no\/om\/apenhetsloven\/#breadcrumb\",\"itemListElement\":[{\"@type\":\"ListItem\",\"position\":1,\"name\":\"H\u00e5kull Gruppen\",\"item\":\"https:\/\/haakull.no\/\"},{\"@type\":\"ListItem\",\"position\":2,\"name\":\"Om H\u00e5kull Gruppen\",\"item\":\"https:\/\/haakull.no\/om\/\"},{\"@type\":\"ListItem\",\"position\":3,\"name\":\"\u00c5penhetsloven\"}]},{\"@type\":\"WebSite\",\"@id\":\"https:\/\/haakull.no\/#website\",\"url\":\"https:\/\/haakull.no\/\",\"name\":\"H\u00e5kull Gruppen\",\"description\":\"\",\"potentialAction\":[{\"@type\":\"SearchAction\",\"target\":{\"@type\":\"EntryPoint\",\"urlTemplate\":\"https:\/\/haakull.no\/?s={search_term_string}\"},\"query-input\":{\"@type\":\"PropertyValueSpecification\",\"valueRequired\":true,\"valueName\":\"search_term_string\"}}],\"inLanguage\":\"da-DK\"}]}<\/script>\n<!-- \/ Yoast SEO plugin. -->","yoast_head_json":{"title":"\u00c5penhetsloven - H\u00e5kull Gruppen","robots":{"index":"index","follow":"follow","max-snippet":"max-snippet:-1","max-image-preview":"max-image-preview:large","max-video-preview":"max-video-preview:-1"},"canonical":"https:\/\/haakull.no\/da\/om\/apenhetsloven\/","og_locale":"da_DK","og_type":"article","og_title":"\u00c5penhetsloven - H\u00e5kull Gruppen","og_description":"Loven har som m\u00e5l \u00e5 redusere risikoen for at virksomheter for\u00e5rsaker eller medvirker til brudd p\u00e5 menneskerettigheter, og sikrer at vi aktivt arbeider for \u00e5 opprettholde anstendige arbeidsforhold hos v\u00e5re leverand\u00f8rer, eiere og innenfor v\u00e5r egen virksomhet. \u00c5penhetsloven fremmer virksomheters respekt for grunnleggende menneskerettigheter og anstendige arbeidsforhold, og dette gjelder b\u00e5de for egen virksomhet og [&hellip;]","og_url":"https:\/\/haakull.no\/da\/om\/apenhetsloven\/","og_site_name":"H\u00e5kull Gruppen","article_modified_time":"2024-06-12T13:31:19+00:00","og_image":[{"width":1800,"height":1013,"url":"https:\/\/haakull.no\/wp-content\/uploads\/2021\/03\/lager-haakull-1127296231.jpg","type":"image\/jpeg"}],"twitter_card":"summary_large_image","twitter_misc":{"Estimeret l\u00e6setid":"2 minutter"},"schema":{"@context":"https:\/\/schema.org","@graph":[{"@type":"WebPage","@id":"https:\/\/haakull.no\/om\/apenhetsloven\/","url":"https:\/\/haakull.no\/om\/apenhetsloven\/","name":"\u00c5penhetsloven - H\u00e5kull Gruppen","isPartOf":{"@id":"https:\/\/haakull.no\/#website"},"primaryImageOfPage":{"@id":"https:\/\/haakull.no\/om\/apenhetsloven\/#primaryimage"},"image":{"@id":"https:\/\/haakull.no\/om\/apenhetsloven\/#primaryimage"},"thumbnailUrl":"https:\/\/haakull.no\/wp-content\/uploads\/2021\/03\/lager-haakull-1127296231.jpg","datePublished":"2024-06-12T11:06:10+00:00","dateModified":"2024-06-12T13:31:19+00:00","breadcrumb":{"@id":"https:\/\/haakull.no\/om\/apenhetsloven\/#breadcrumb"},"inLanguage":"da-DK","potentialAction":[{"@type":"ReadAction","target":["https:\/\/haakull.no\/om\/apenhetsloven\/"]}]},{"@type":"ImageObject","inLanguage":"da-DK","@id":"https:\/\/haakull.no\/om\/apenhetsloven\/#primaryimage","url":"https:\/\/haakull.no\/wp-content\/uploads\/2021\/03\/lager-haakull-1127296231.jpg","contentUrl":"https:\/\/haakull.no\/wp-content\/uploads\/2021\/03\/lager-haakull-1127296231.jpg","width":1800,"height":1013},{"@type":"BreadcrumbList","@id":"https:\/\/haakull.no\/om\/apenhetsloven\/#breadcrumb","itemListElement":[{"@type":"ListItem","position":1,"name":"H\u00e5kull Gruppen","item":"https:\/\/haakull.no\/"},{"@type":"ListItem","position":2,"name":"Om H\u00e5kull Gruppen","item":"https:\/\/haakull.no\/om\/"},{"@type":"ListItem","position":3,"name":"\u00c5penhetsloven"}]},{"@type":"WebSite","@id":"https:\/\/haakull.no\/#website","url":"https:\/\/haakull.no\/","name":"H\u00e5kull Gruppen","description":"","potentialAction":[{"@type":"SearchAction","target":{"@type":"EntryPoint","urlTemplate":"https:\/\/haakull.no\/?s={search_term_string}"},"query-input":{"@type":"PropertyValueSpecification","valueRequired":true,"valueName":"search_term_string"}}],"inLanguage":"da-DK"}]}},"_links":{"self":[{"href":"https:\/\/haakull.no\/da\/wp-json\/wp\/v2\/pages\/55544"}],"collection":[{"href":"https:\/\/haakull.no\/da\/wp-json\/wp\/v2\/pages"}],"about":[{"href":"https:\/\/haakull.no\/da\/wp-json\/wp\/v2\/types\/page"}],"author":[{"embeddable":true,"href":"https:\/\/haakull.no\/da\/wp-json\/wp\/v2\/users\/1"}],"replies":[{"embeddable":true,"href":"https:\/\/haakull.no\/da\/wp-json\/wp\/v2\/comments?post=55544"}],"version-history":[{"count":0,"href":"https:\/\/haakull.no\/da\/wp-json\/wp\/v2\/pages\/55544\/revisions"}],"up":[{"embeddable":true,"href":"https:\/\/haakull.no\/da\/wp-json\/wp\/v2\/pages\/53"}],"wp:featuredmedia":[{"embeddable":true,"href":"https:\/\/haakull.no\/da\/wp-json\/wp\/v2\/media\/55109"}],"wp:attachment":[{"href":"https:\/\/haakull.no\/da\/wp-json\/wp\/v2\/media?parent=55544"}],"wp:term":[{"taxonomy":"sokeord","embeddable":true,"href":"https:\/\/haakull.no\/da\/wp-json\/wp\/v2\/sokeord?post=55544"}],"curies":[{"name":"wp","href":"https:\/\/api.w.org\/{rel}","templated":true}]}}